{"id":2,"date":"2025-07-29T14:00:47","date_gmt":"2025-07-29T14:00:47","guid":{"rendered":"https:\/\/addvantour.rkinformatika.online\/?page_id=2"},"modified":"2025-08-17T18:05:39","modified_gmt":"2025-08-17T18:05:39","slug":"inicio","status":"publish","type":"page","link":"https:\/\/addvantour.com\/eu\/","title":{"rendered":"Inicio"},"content":{"rendered":"\t\t<div data-elementor-type=\"wp-page\" data-elementor-id=\"2\" class=\"elementor elementor-2\" data-elementor-post-type=\"page\">\n\t\t\t\t<div class=\"elementor-element elementor-element-3136069 e-con-full e-flex e-con e-parent\" data-id=\"3136069\" data-element_type=\"container\" data-e-type=\"container\" data-settings=\"{&quot;background_background&quot;:&quot;classic&quot;}\">\n\t\t\t\t<div class=\"elementor-element elementor-element-01dcc0c elementor-hidden-mobile elementor-widget elementor-widget-image\" data-id=\"01dcc0c\" data-element_type=\"widget\" data-e-type=\"widget\" data-widget_type=\"image.default\">\n\t\t\t\t\t\t\t\t\t\t\t\t\t\t\t<img fetchpriority=\"high\" decoding=\"async\" width=\"800\" height=\"346\" src=\"https:\/\/addvantour.com\/wp-content\/uploads\/2025\/08\/cropped-Logo-addVANtour-Blanco-scaled-1-1024x443.png\" class=\"attachment-large size-large wp-image-167\" alt=\"\" srcset=\"https:\/\/addvantour.com\/wp-content\/uploads\/2025\/08\/cropped-Logo-addVANtour-Blanco-scaled-1-1024x443.png 1024w, https:\/\/addvantour.com\/wp-content\/uploads\/2025\/08\/cropped-Logo-addVANtour-Blanco-scaled-1-300x130.png 300w, https:\/\/addvantour.com\/wp-content\/uploads\/2025\/08\/cropped-Logo-addVANtour-Blanco-scaled-1-768x332.png 768w, https:\/\/addvantour.com\/wp-content\/uploads\/2025\/08\/cropped-Logo-addVANtour-Blanco-scaled-1-1536x664.png 1536w, https:\/\/addvantour.com\/wp-content\/uploads\/2025\/08\/cropped-Logo-addVANtour-Blanco-scaled-1-2048x885.png 2048w, https:\/\/addvantour.com\/wp-content\/uploads\/2025\/08\/cropped-Logo-addVANtour-Blanco-scaled-1-18x8.png 18w\" sizes=\"(max-width: 800px) 100vw, 800px\" \/>\t\t\t\t\t\t\t\t\t\t\t\t\t\t\t<\/div>\n\t\t\t\t<\/div>\n\t\t<div class=\"elementor-element elementor-element-5bb19eb e-flex e-con-boxed e-con e-parent\" data-id=\"5bb19eb\" data-element_type=\"container\" data-e-type=\"container\">\n\t\t\t\t\t<div class=\"e-con-inner\">\n\t\t\t\t<div class=\"elementor-element elementor-element-07e78ce elementor-widget elementor-widget-heading\" data-id=\"07e78ce\" data-element_type=\"widget\" data-e-type=\"widget\" data-widget_type=\"heading.default\">\n\t\t\t\t\t<h2 class=\"elementor-heading-title elementor-size-default\">Camperizaci\u00f3n a medida con calidad, t\u00e9cnica y coraz\u00f3n\n<\/h2>\t\t\t\t<\/div>\n\t\t\t\t<div class=\"elementor-element elementor-element-960bd59 elementor-widget elementor-widget-text-editor\" data-id=\"960bd59\" data-element_type=\"widget\" data-e-type=\"widget\" data-settings=\"{&quot;motion_fx_motion_fx_scrolling&quot;:&quot;yes&quot;,&quot;motion_fx_translateX_effect&quot;:&quot;yes&quot;,&quot;motion_fx_translateX_speed&quot;:{&quot;unit&quot;:&quot;px&quot;,&quot;size&quot;:2,&quot;sizes&quot;:[]},&quot;motion_fx_translateX_affectedRange&quot;:{&quot;unit&quot;:&quot;%&quot;,&quot;size&quot;:&quot;&quot;,&quot;sizes&quot;:{&quot;start&quot;:0,&quot;end&quot;:100}},&quot;motion_fx_devices&quot;:[&quot;desktop&quot;,&quot;tablet&quot;,&quot;mobile&quot;]}\" data-widget_type=\"text-editor.default\">\n\t\t\t\t\t\t\t\t\t<p>En <strong>addVANtour<\/strong> convertimos tu furgoneta en un espacio \u00fanico, c\u00f3modo y preparado para la aventura. Combinamos materiales de m\u00e1xima calidad, soluciones t\u00e9cnicas eficientes y un dise\u00f1o totalmente personalizado para ti.<\/p>\t\t\t\t\t\t\t\t<\/div>\n\t\t\t\t<div class=\"elementor-element elementor-element-d10bf88 elementor-widget elementor-widget-text-editor\" data-id=\"d10bf88\" data-element_type=\"widget\" data-e-type=\"widget\" data-settings=\"{&quot;motion_fx_motion_fx_scrolling&quot;:&quot;yes&quot;,&quot;motion_fx_translateX_effect&quot;:&quot;yes&quot;,&quot;motion_fx_translateX_direction&quot;:&quot;negative&quot;,&quot;motion_fx_translateX_speed&quot;:{&quot;unit&quot;:&quot;px&quot;,&quot;size&quot;:2,&quot;sizes&quot;:[]},&quot;motion_fx_translateX_affectedRange&quot;:{&quot;unit&quot;:&quot;%&quot;,&quot;size&quot;:&quot;&quot;,&quot;sizes&quot;:{&quot;start&quot;:0,&quot;end&quot;:100}},&quot;motion_fx_devices&quot;:[&quot;desktop&quot;,&quot;tablet&quot;,&quot;mobile&quot;]}\" data-widget_type=\"text-editor.default\">\n\t\t\t\t\t\t\t\t\t<p data-start=\"420\" data-end=\"616\">De un kit cama hecho en una terraza a un taller profesional, nuestra experiencia re\u00fane a\u00f1os de trabajo en reformas, electricidad y dise\u00f1o 3D, adem\u00e1s de una valiosa colaboraci\u00f3n con <a href=\"https:\/\/www.thevanspeedshop.com\/\" style=\"color:#666666; text-decoration:none;\" onmouseover=\"this.style.color='#337583'\" onmouseout=\"this.style.color='#666666'\"><strong>VanSpeed<\/strong><\/a>\n\n.<\/p>\n<p data-start=\"618\" data-end=\"766\">Cada proyecto se construye con t\u00e9cnica, pasi\u00f3n y dedicaci\u00f3n, para que tu camper sea mucho m\u00e1s que un veh\u00edculo: sea tu forma de vivir la carretera.<\/p>\t\t\t\t\t\t\t\t<\/div>\n\t\t\t\t\t<\/div>\n\t\t\t\t<\/div>\n\t\t<div class=\"elementor-element elementor-element-6f7c416 e-con-full e-flex e-con e-parent\" data-id=\"6f7c416\" data-element_type=\"container\" data-e-type=\"container\">\n\t\t\t\t<div class=\"elementor-element elementor-element-541bfaf elementor-widget elementor-widget-heading\" data-id=\"541bfaf\" data-element_type=\"widget\" data-e-type=\"widget\" data-settings=\"{&quot;motion_fx_motion_fx_scrolling&quot;:&quot;yes&quot;,&quot;motion_fx_devices&quot;:[&quot;desktop&quot;,&quot;tablet&quot;,&quot;mobile&quot;]}\" data-widget_type=\"heading.default\">\n\t\t\t\t\t<h2 class=\"elementor-heading-title elementor-size-default\">PROYECTOS<\/h2>\t\t\t\t<\/div>\n\t\t\t\t<\/div>\n\t\t<div class=\"elementor-element elementor-element-5c731c0 e-flex e-con-boxed e-con e-parent\" data-id=\"5c731c0\" data-element_type=\"container\" data-e-type=\"container\" data-settings=\"{&quot;background_background&quot;:&quot;classic&quot;}\">\n\t\t\t\t\t<div class=\"e-con-inner\">\n\t\t<div class=\"elementor-element elementor-element-01a2051 e-con-full e-flex e-con e-child\" data-id=\"01a2051\" data-element_type=\"container\" data-e-type=\"container\" data-settings=\"{&quot;motion_fx_motion_fx_scrolling&quot;:&quot;yes&quot;,&quot;motion_fx_translateX_effect&quot;:&quot;yes&quot;,&quot;motion_fx_translateX_speed&quot;:{&quot;unit&quot;:&quot;px&quot;,&quot;size&quot;:4,&quot;sizes&quot;:[]},&quot;motion_fx_translateX_affectedRange&quot;:{&quot;unit&quot;:&quot;%&quot;,&quot;size&quot;:&quot;&quot;,&quot;sizes&quot;:{&quot;start&quot;:0,&quot;end&quot;:100}},&quot;motion_fx_devices&quot;:[&quot;desktop&quot;,&quot;tablet&quot;,&quot;mobile&quot;]}\">\n\t\t\t\t<div class=\"elementor-element elementor-element-7a5cabe elementor-widget elementor-widget-image\" data-id=\"7a5cabe\" data-element_type=\"widget\" data-e-type=\"widget\" data-widget_type=\"image.default\">\n\t\t\t\t\t\t\t\t\t\t\t\t\t\t\t\t<a href=\"https:\/\/addvantour.com\/eu\/proyectos\/\">\n\t\t\t\t\t\t\t<img decoding=\"async\" width=\"800\" height=\"451\" src=\"https:\/\/addvantour.com\/wp-content\/uploads\/2025\/08\/Nissan-NV400-L3H2-4-1024x577.jpeg\" class=\"attachment-large size-large wp-image-273\" alt=\"\" srcset=\"https:\/\/addvantour.com\/wp-content\/uploads\/2025\/08\/Nissan-NV400-L3H2-4-1024x577.jpeg 1024w, https:\/\/addvantour.com\/wp-content\/uploads\/2025\/08\/Nissan-NV400-L3H2-4-300x169.jpeg 300w, https:\/\/addvantour.com\/wp-content\/uploads\/2025\/08\/Nissan-NV400-L3H2-4-768x432.jpeg 768w, https:\/\/addvantour.com\/wp-content\/uploads\/2025\/08\/Nissan-NV400-L3H2-4-1536x865.jpeg 1536w, https:\/\/addvantour.com\/wp-content\/uploads\/2025\/08\/Nissan-NV400-L3H2-4-18x10.jpeg 18w, https:\/\/addvantour.com\/wp-content\/uploads\/2025\/08\/Nissan-NV400-L3H2-4.jpeg 2000w\" sizes=\"(max-width: 800px) 100vw, 800px\" \/>\t\t\t\t\t\t\t\t<\/a>\n\t\t\t\t\t\t\t\t\t\t\t\t\t\t\t<\/div>\n\t\t<div class=\"elementor-element elementor-element-e3b701b e-con-full e-flex e-con e-child\" data-id=\"e3b701b\" data-element_type=\"container\" data-e-type=\"container\" data-settings=\"{&quot;background_background&quot;:&quot;classic&quot;}\">\n\t\t\t\t<div class=\"elementor-element elementor-element-a47ccef elementor-widget elementor-widget-heading\" data-id=\"a47ccef\" data-element_type=\"widget\" data-e-type=\"widget\" data-widget_type=\"heading.default\">\n\t\t\t\t\t<h2 class=\"elementor-heading-title elementor-size-default\">Nissan NV400 L3H2<\/h2>\t\t\t\t<\/div>\n\t\t\t\t<\/div>\n\t\t\t\t<\/div>\n\t\t<div class=\"elementor-element elementor-element-7a6e396 e-con-full e-flex e-con e-child\" data-id=\"7a6e396\" data-element_type=\"container\" data-e-type=\"container\" data-settings=\"{&quot;motion_fx_motion_fx_scrolling&quot;:&quot;yes&quot;,&quot;motion_fx_translateX_effect&quot;:&quot;yes&quot;,&quot;motion_fx_translateX_direction&quot;:&quot;negative&quot;,&quot;motion_fx_translateX_speed&quot;:{&quot;unit&quot;:&quot;px&quot;,&quot;size&quot;:4,&quot;sizes&quot;:[]},&quot;motion_fx_translateX_affectedRange&quot;:{&quot;unit&quot;:&quot;%&quot;,&quot;size&quot;:&quot;&quot;,&quot;sizes&quot;:{&quot;start&quot;:0,&quot;end&quot;:100}},&quot;motion_fx_devices&quot;:[&quot;desktop&quot;,&quot;tablet&quot;,&quot;mobile&quot;]}\">\n\t\t\t\t<div class=\"elementor-element elementor-element-2b4da5e elementor-widget elementor-widget-image\" data-id=\"2b4da5e\" data-element_type=\"widget\" data-e-type=\"widget\" data-widget_type=\"image.default\">\n\t\t\t\t\t\t\t\t\t\t\t\t\t\t\t\t<a href=\"https:\/\/addvantour.com\/eu\/proyectos\/\">\n\t\t\t\t\t\t\t<img decoding=\"async\" width=\"800\" height=\"451\" src=\"https:\/\/addvantour.com\/wp-content\/uploads\/2025\/08\/Kit-cama-Kia-Niro-3-1024x577.jpeg\" class=\"attachment-large size-large wp-image-265\" alt=\"\" srcset=\"https:\/\/addvantour.com\/wp-content\/uploads\/2025\/08\/Kit-cama-Kia-Niro-3-1024x577.jpeg 1024w, https:\/\/addvantour.com\/wp-content\/uploads\/2025\/08\/Kit-cama-Kia-Niro-3-300x169.jpeg 300w, https:\/\/addvantour.com\/wp-content\/uploads\/2025\/08\/Kit-cama-Kia-Niro-3-768x432.jpeg 768w, https:\/\/addvantour.com\/wp-content\/uploads\/2025\/08\/Kit-cama-Kia-Niro-3-1536x865.jpeg 1536w, https:\/\/addvantour.com\/wp-content\/uploads\/2025\/08\/Kit-cama-Kia-Niro-3-18x10.jpeg 18w, https:\/\/addvantour.com\/wp-content\/uploads\/2025\/08\/Kit-cama-Kia-Niro-3.jpeg 2000w\" sizes=\"(max-width: 800px) 100vw, 800px\" \/>\t\t\t\t\t\t\t\t<\/a>\n\t\t\t\t\t\t\t\t\t\t\t\t\t\t\t<\/div>\n\t\t<div class=\"elementor-element elementor-element-607f931 e-con-full e-flex e-con e-child\" data-id=\"607f931\" data-element_type=\"container\" data-e-type=\"container\" data-settings=\"{&quot;background_background&quot;:&quot;classic&quot;}\">\n\t\t\t\t<div class=\"elementor-element elementor-element-93aaa2c elementor-widget elementor-widget-heading\" data-id=\"93aaa2c\" data-element_type=\"widget\" data-e-type=\"widget\" data-widget_type=\"heading.default\">\n\t\t\t\t\t<h2 class=\"elementor-heading-title elementor-size-default\">Kit cama Kia Niro<\/h2>\t\t\t\t<\/div>\n\t\t\t\t<\/div>\n\t\t\t\t<\/div>\n\t\t\t\t\t<\/div>\n\t\t\t\t<\/div>\n\t\t<div class=\"elementor-element elementor-element-a5c6072 e-con-full e-flex e-con e-parent\" data-id=\"a5c6072\" data-element_type=\"container\" data-e-type=\"container\" data-settings=\"{&quot;background_background&quot;:&quot;classic&quot;}\">\n\t\t\t\t<div class=\"elementor-element elementor-element-0407d5b elementor-widget elementor-widget-image\" data-id=\"0407d5b\" data-element_type=\"widget\" data-e-type=\"widget\" data-widget_type=\"image.default\">\n\t\t\t\t\t\t\t\t\t\t\t\t\t\t\t<img loading=\"lazy\" decoding=\"async\" width=\"512\" height=\"512\" src=\"https:\/\/addvantour.com\/wp-content\/uploads\/2025\/07\/cropped-Logo-Instagram_-scaled-1.png\" class=\"attachment-large size-large wp-image-15\" alt=\"\" srcset=\"https:\/\/addvantour.com\/wp-content\/uploads\/2025\/07\/cropped-Logo-Instagram_-scaled-1.png 512w, https:\/\/addvantour.com\/wp-content\/uploads\/2025\/07\/cropped-Logo-Instagram_-scaled-1-300x300.png 300w, https:\/\/addvantour.com\/wp-content\/uploads\/2025\/07\/cropped-Logo-Instagram_-scaled-1-150x150.png 150w, https:\/\/addvantour.com\/wp-content\/uploads\/2025\/07\/cropped-Logo-Instagram_-scaled-1-12x12.png 12w, https:\/\/addvantour.com\/wp-content\/uploads\/2025\/07\/cropped-Logo-Instagram_-scaled-1-270x270.png 270w, https:\/\/addvantour.com\/wp-content\/uploads\/2025\/07\/cropped-Logo-Instagram_-scaled-1-192x192.png 192w, https:\/\/addvantour.com\/wp-content\/uploads\/2025\/07\/cropped-Logo-Instagram_-scaled-1-180x180.png 180w, https:\/\/addvantour.com\/wp-content\/uploads\/2025\/07\/cropped-Logo-Instagram_-scaled-1-32x32.png 32w\" sizes=\"(max-width: 512px) 100vw, 512px\" \/>\t\t\t\t\t\t\t\t\t\t\t\t\t\t\t<\/div>\n\t\t\t\t<\/div>\n\t\t\t\t<\/div>\n\t\t","protected":false},"excerpt":{"rendered":"<p>Camperizaci\u00f3n a medida con calidad, t\u00e9cnica y coraz\u00f3n En addVANtour convertimos tu furgoneta en un espacio \u00fanico, c\u00f3modo y preparado para la aventura. Combinamos materiales de m\u00e1xima calidad, soluciones t\u00e9cnicas eficientes y un dise\u00f1o totalmente personalizado para ti. De un kit cama hecho en una terraza a un taller profesional, nuestra experiencia re\u00fane a\u00f1os de [&hellip;]<\/p>\n","protected":false},"author":1,"featured_media":0,"parent":0,"menu_order":0,"comment_status":"closed","ping_status":"closed","template":"","meta":{"footnotes":""},"class_list":["post-2","page","type-page","status-publish","hentry"],"yoast_head":"<!-- This site is optimized with the Yoast SEO plugin v27.4 - https:\/\/yoast.com\/product\/yoast-seo-wordpress\/ -->\n<title>Inicio - addVANtour<\/title>\n<meta name=\"robots\" content=\"index, follow, max-snippet:-1, max-image-preview:large, max-video-preview:-1\" \/>\n<link rel=\"canonical\" href=\"https:\/\/addvantour.com\/eu\/\" \/>\n<meta property=\"og:locale\" content=\"en_US\" \/>\n<meta property=\"og:type\" content=\"article\" \/>\n<meta property=\"og:title\" content=\"Inicio - addVANtour\" \/>\n<meta property=\"og:description\" content=\"Camperizaci\u00f3n a medida con calidad, t\u00e9cnica y coraz\u00f3n En addVANtour convertimos tu furgoneta en un espacio \u00fanico, c\u00f3modo y preparado para la aventura. Combinamos materiales de m\u00e1xima calidad, soluciones t\u00e9cnicas eficientes y un dise\u00f1o totalmente personalizado para ti. De un kit cama hecho en una terraza a un taller profesional, nuestra experiencia re\u00fane a\u00f1os de [&hellip;]\" \/>\n<meta property=\"og:url\" content=\"https:\/\/addvantour.com\/eu\/\" \/>\n<meta property=\"og:site_name\" content=\"addVANtour\" \/>\n<meta property=\"article:modified_time\" content=\"2025-08-17T18:05:39+00:00\" \/>\n<meta property=\"og:image\" content=\"https:\/\/addvantour.com\/wp-content\/uploads\/2025\/08\/cropped-Logo-addVANtour-Blanco-scaled-1.png\" \/>\n\t<meta property=\"og:image:width\" content=\"2558\" \/>\n\t<meta property=\"og:image:height\" content=\"1106\" \/>\n\t<meta property=\"og:image:type\" content=\"image\/png\" \/>\n<meta name=\"twitter:card\" content=\"summary_large_image\" \/>\n<meta name=\"twitter:label1\" content=\"Est. reading time\" \/>\n\t<meta name=\"twitter:data1\" content=\"1 minutua\" \/>\n<script type=\"application\/ld+json\" class=\"yoast-schema-graph\">{\"@context\":\"https:\\\/\\\/schema.org\",\"@graph\":[{\"@type\":\"WebPage\",\"@id\":\"https:\\\/\\\/addvantour.com\\\/\",\"url\":\"https:\\\/\\\/addvantour.com\\\/\",\"name\":\"Inicio - addVANtour\",\"isPartOf\":{\"@id\":\"https:\\\/\\\/addvantour.com\\\/#website\"},\"primaryImageOfPage\":{\"@id\":\"https:\\\/\\\/addvantour.com\\\/#primaryimage\"},\"image\":{\"@id\":\"https:\\\/\\\/addvantour.com\\\/#primaryimage\"},\"thumbnailUrl\":\"https:\\\/\\\/addvantour.com\\\/wp-content\\\/uploads\\\/2025\\\/08\\\/cropped-Logo-addVANtour-Blanco-scaled-1-1024x443.png\",\"datePublished\":\"2025-07-29T14:00:47+00:00\",\"dateModified\":\"2025-08-17T18:05:39+00:00\",\"breadcrumb\":{\"@id\":\"https:\\\/\\\/addvantour.com\\\/#breadcrumb\"},\"inLanguage\":\"eu\",\"potentialAction\":[{\"@type\":\"ReadAction\",\"target\":[\"https:\\\/\\\/addvantour.com\\\/\"]}]},{\"@type\":\"ImageObject\",\"inLanguage\":\"eu\",\"@id\":\"https:\\\/\\\/addvantour.com\\\/#primaryimage\",\"url\":\"https:\\\/\\\/addvantour.com\\\/wp-content\\\/uploads\\\/2025\\\/08\\\/cropped-Logo-addVANtour-Blanco-scaled-1-1024x443.png\",\"contentUrl\":\"https:\\\/\\\/addvantour.com\\\/wp-content\\\/uploads\\\/2025\\\/08\\\/cropped-Logo-addVANtour-Blanco-scaled-1-1024x443.png\"},{\"@type\":\"BreadcrumbList\",\"@id\":\"https:\\\/\\\/addvantour.com\\\/#breadcrumb\",\"itemListElement\":[{\"@type\":\"ListItem\",\"position\":1,\"name\":\"Portada\",\"item\":\"https:\\\/\\\/addvantour.com\\\/\"},{\"@type\":\"ListItem\",\"position\":2,\"name\":\"Inicio\"}]},{\"@type\":\"WebSite\",\"@id\":\"https:\\\/\\\/addvantour.com\\\/#website\",\"url\":\"https:\\\/\\\/addvantour.com\\\/\",\"name\":\"addVANtour\",\"description\":\"\",\"publisher\":{\"@id\":\"https:\\\/\\\/addvantour.com\\\/#organization\"},\"potentialAction\":[{\"@type\":\"SearchAction\",\"target\":{\"@type\":\"EntryPoint\",\"urlTemplate\":\"https:\\\/\\\/addvantour.com\\\/?s={search_term_string}\"},\"query-input\":{\"@type\":\"PropertyValueSpecification\",\"valueRequired\":true,\"valueName\":\"search_term_string\"}}],\"inLanguage\":\"eu\"},{\"@type\":\"Organization\",\"@id\":\"https:\\\/\\\/addvantour.com\\\/#organization\",\"name\":\"addVANtour\",\"url\":\"https:\\\/\\\/addvantour.com\\\/\",\"logo\":{\"@type\":\"ImageObject\",\"inLanguage\":\"eu\",\"@id\":\"https:\\\/\\\/addvantour.com\\\/#\\\/schema\\\/logo\\\/image\\\/\",\"url\":\"https:\\\/\\\/addvantour.com\\\/wp-content\\\/uploads\\\/2025\\\/08\\\/cropped-Logo-addVANtour-Blanco-scaled-1.png\",\"contentUrl\":\"https:\\\/\\\/addvantour.com\\\/wp-content\\\/uploads\\\/2025\\\/08\\\/cropped-Logo-addVANtour-Blanco-scaled-1.png\",\"width\":2558,\"height\":1106,\"caption\":\"addVANtour\"},\"image\":{\"@id\":\"https:\\\/\\\/addvantour.com\\\/#\\\/schema\\\/logo\\\/image\\\/\"}}]}<\/script>\n<!-- \/ Yoast SEO plugin. -->","yoast_head_json":{"title":"Inicio - addVANtour","robots":{"index":"index","follow":"follow","max-snippet":"max-snippet:-1","max-image-preview":"max-image-preview:large","max-video-preview":"max-video-preview:-1"},"canonical":"https:\/\/addvantour.com\/eu\/","og_locale":"en_US","og_type":"article","og_title":"Inicio - addVANtour","og_description":"Camperizaci\u00f3n a medida con calidad, t\u00e9cnica y coraz\u00f3n En addVANtour convertimos tu furgoneta en un espacio \u00fanico, c\u00f3modo y preparado para la aventura. Combinamos materiales de m\u00e1xima calidad, soluciones t\u00e9cnicas eficientes y un dise\u00f1o totalmente personalizado para ti. De un kit cama hecho en una terraza a un taller profesional, nuestra experiencia re\u00fane a\u00f1os de [&hellip;]","og_url":"https:\/\/addvantour.com\/eu\/","og_site_name":"addVANtour","article_modified_time":"2025-08-17T18:05:39+00:00","og_image":[{"width":2558,"height":1106,"url":"https:\/\/addvantour.com\/wp-content\/uploads\/2025\/08\/cropped-Logo-addVANtour-Blanco-scaled-1.png","type":"image\/png"}],"twitter_card":"summary_large_image","twitter_misc":{"Est. reading time":"1 minutua"},"schema":{"@context":"https:\/\/schema.org","@graph":[{"@type":"WebPage","@id":"https:\/\/addvantour.com\/","url":"https:\/\/addvantour.com\/","name":"Inicio - addVANtour","isPartOf":{"@id":"https:\/\/addvantour.com\/#website"},"primaryImageOfPage":{"@id":"https:\/\/addvantour.com\/#primaryimage"},"image":{"@id":"https:\/\/addvantour.com\/#primaryimage"},"thumbnailUrl":"https:\/\/addvantour.com\/wp-content\/uploads\/2025\/08\/cropped-Logo-addVANtour-Blanco-scaled-1-1024x443.png","datePublished":"2025-07-29T14:00:47+00:00","dateModified":"2025-08-17T18:05:39+00:00","breadcrumb":{"@id":"https:\/\/addvantour.com\/#breadcrumb"},"inLanguage":"eu","potentialAction":[{"@type":"ReadAction","target":["https:\/\/addvantour.com\/"]}]},{"@type":"ImageObject","inLanguage":"eu","@id":"https:\/\/addvantour.com\/#primaryimage","url":"https:\/\/addvantour.com\/wp-content\/uploads\/2025\/08\/cropped-Logo-addVANtour-Blanco-scaled-1-1024x443.png","contentUrl":"https:\/\/addvantour.com\/wp-content\/uploads\/2025\/08\/cropped-Logo-addVANtour-Blanco-scaled-1-1024x443.png"},{"@type":"BreadcrumbList","@id":"https:\/\/addvantour.com\/#breadcrumb","itemListElement":[{"@type":"ListItem","position":1,"name":"Portada","item":"https:\/\/addvantour.com\/"},{"@type":"ListItem","position":2,"name":"Inicio"}]},{"@type":"WebSite","@id":"https:\/\/addvantour.com\/#website","url":"https:\/\/addvantour.com\/","name":"addVANtour","description":"","publisher":{"@id":"https:\/\/addvantour.com\/#organization"},"potentialAction":[{"@type":"SearchAction","target":{"@type":"EntryPoint","urlTemplate":"https:\/\/addvantour.com\/?s={search_term_string}"},"query-input":{"@type":"PropertyValueSpecification","valueRequired":true,"valueName":"search_term_string"}}],"inLanguage":"eu"},{"@type":"Organization","@id":"https:\/\/addvantour.com\/#organization","name":"addVANtour","url":"https:\/\/addvantour.com\/","logo":{"@type":"ImageObject","inLanguage":"eu","@id":"https:\/\/addvantour.com\/#\/schema\/logo\/image\/","url":"https:\/\/addvantour.com\/wp-content\/uploads\/2025\/08\/cropped-Logo-addVANtour-Blanco-scaled-1.png","contentUrl":"https:\/\/addvantour.com\/wp-content\/uploads\/2025\/08\/cropped-Logo-addVANtour-Blanco-scaled-1.png","width":2558,"height":1106,"caption":"addVANtour"},"image":{"@id":"https:\/\/addvantour.com\/#\/schema\/logo\/image\/"}}]}},"_links":{"self":[{"href":"https:\/\/addvantour.com\/eu\/wp-json\/wp\/v2\/pages\/2","targetHints":{"allow":["GET"]}}],"collection":[{"href":"https:\/\/addvantour.com\/eu\/wp-json\/wp\/v2\/pages"}],"about":[{"href":"https:\/\/addvantour.com\/eu\/wp-json\/wp\/v2\/types\/page"}],"author":[{"embeddable":true,"href":"https:\/\/addvantour.com\/eu\/wp-json\/wp\/v2\/users\/1"}],"replies":[{"embeddable":true,"href":"https:\/\/addvantour.com\/eu\/wp-json\/wp\/v2\/comments?post=2"}],"version-history":[{"count":71,"href":"https:\/\/addvantour.com\/eu\/wp-json\/wp\/v2\/pages\/2\/revisions"}],"predecessor-version":[{"id":582,"href":"https:\/\/addvantour.com\/eu\/wp-json\/wp\/v2\/pages\/2\/revisions\/582"}],"wp:attachment":[{"href":"https:\/\/addvantour.com\/eu\/wp-json\/wp\/v2\/media?parent=2"}],"curies":[{"name":"wp","href":"https:\/\/api.w.org\/{rel}","templated":true}]}}